{"id":1833,"date":"2024-09-03T12:53:44","date_gmt":"2024-09-03T15:53:44","guid":{"rendered":"https:\/\/famme.com.ar\/?post_type=product&#038;p=1833"},"modified":"2025-02-24T16:04:00","modified_gmt":"2025-02-24T19:04:00","slug":"halo-extensions","status":"publish","type":"product","link":"https:\/\/famme.com.ar\/en\/product\/halo-extensions\/","title":{"rendered":"HALO\u00ae EXTENSIONS"},"content":{"rendered":"<h3><span style=\"vertical-align: inherit\"><span style=\"vertical-align: inherit\">Volumen y longitud instant\u00e1neos. Esta extensi\u00f3n imprescindible a\u00f1ade volumen, longitud y estilo sin esfuerzo y sin necesidad de esperar.<\/span><\/span><\/h3>\n<p><span style=\"vertical-align: inherit\"><span style=\"vertical-align: inherit\">Las extensiones Halo\u00ae utilizan un alambre invisible para agregar longitud y grosor sin pegamento, cinta ni clips para una aplicaci\u00f3n f\u00e1cil y sin da\u00f1os en menos de un minuto. Nuestras extensiones de cabello de lujo Top Famme est\u00e1n hechas con cabello humano 100 % REMY de origen \u00e9tico.<\/span><\/span><\/p>","protected":false},"excerpt":{"rendered":"<p>Volumen y longitud instant\u00e1neos. Esta extensi\u00f3n imprescindible a\u00f1ade volumen, longitud y estilo sin esfuerzo y sin necesidad de esperar. Las extensiones Halo\u00ae utilizan un alambre invisible para agregar longitud y grosor sin pegamento, cinta ni clips para una aplicaci\u00f3n f\u00e1cil y sin da\u00f1os en menos de un minuto. Nuestras extensiones de cabello de lujo Top [&#8230;]","protected":false},"featured_media":1851,"comment_status":"closed","ping_status":"closed","template":"","meta":{"_joinchat":{"telephone":"+17869214949"}},"product_cat":[148,145],"product_tag":[164],"_links":{"self":[{"href":"https:\/\/famme.com.ar\/en\/wp-json\/wp\/v2\/product\/1833"}],"collection":[{"href":"https:\/\/famme.com.ar\/en\/wp-json\/wp\/v2\/product"}],"about":[{"href":"https:\/\/famme.com.ar\/en\/wp-json\/wp\/v2\/types\/product"}],"replies":[{"embeddable":true,"href":"https:\/\/famme.com.ar\/en\/wp-json\/wp\/v2\/comments?post=1833"}],"wp:featuredmedia":[{"embeddable":true,"href":"https:\/\/famme.com.ar\/en\/wp-json\/wp\/v2\/media\/1851"}],"wp:attachment":[{"href":"https:\/\/famme.com.ar\/en\/wp-json\/wp\/v2\/media?parent=1833"}],"wp:term":[{"taxonomy":"product_cat","embeddable":true,"href":"https:\/\/famme.com.ar\/en\/wp-json\/wp\/v2\/product_cat?post=1833"},{"taxonomy":"product_tag","embeddable":true,"href":"https:\/\/famme.com.ar\/en\/wp-json\/wp\/v2\/product_tag?post=1833"}],"curies":[{"name":"wp","href":"https:\/\/api.w.org\/{rel}","templated":true}]}}